{"id":28,"date":"2011-04-13T23:33:12","date_gmt":"2011-04-13T21:33:12","guid":{"rendered":"http:\/\/skjutbanan.com\/?page_id=28"},"modified":"2016-10-21T07:56:38","modified_gmt":"2016-10-21T05:56:38","slug":"tips-och-ideer-fran-skytte-uo","status":"publish","type":"page","link":"http:\/\/skjutbanan.com\/?page_id=28","title":{"rendered":"Nytt  \/\/ Tr\u00e4na p\u00e5 egen hand"},"content":{"rendered":"<p><strong>Skytteskola.<\/strong><br \/>\n<em>Text\/dokument: H\u00e4mtat fr\u00e5n fd. Skytte UO hemsida<\/em><\/p>\n<p>H\u00e4r har vi samlat utbildningsmaterial till dig som vill bli skytt och utvecklas vidare till en b\u00e4ttre skytt.<\/p>\n<p>H\u00e4r l\u00e4mnar Skytte UO lite tips och id\u00e9er till dig som vill tr\u00e4na p\u00e5 egen hand och f\u00f6rb\u00e4ttra dina f\u00e4rdigheter i skytte. Inneh\u00e5llet i artiklarna \u00e4r h\u00e4mtat fr\u00e5n Skytte UOs temah\u00e4ften och \u00e4r tidigare publicerade i tidningen Svenskt skytte under 2005 och 2006.<\/p>\n<p>&nbsp;<\/p>\n<p><a href=\"http:\/\/media.skjutbanan.com\/2011\/04\/Skytte_utb_1_Skjutteknik-1.pdf\" target=\"_blank\">Andning och avfyring<\/a><br \/>\n<a href=\"http:\/\/media.skjutbanan.com\/2011\/04\/Skytte_utb_2_Skjutteknik-2.pdf\" target=\"_blank\">Riktning<\/a><br \/>\n<a href=\"http:\/\/media.skjutbanan.com\/2011\/04\/Skytte_utb_3_Skjutstallningar_1.pdf\" target=\"_blank\">Skjutst\u00e4llningar<\/a><br \/>\n<a href=\"http:\/\/media.skjutbanan.com\/2011\/04\/Skytte_utb_4_Skjutstallningar_2.pdf\" target=\"_blank\">St\u00e5ende<\/a><br \/>\n<a href=\"http:\/\/media.skjutbanan.com\/2011\/04\/Skytte_utb_5_Skjutstallningar_3.pdf\" target=\"_blank\">Liggande<\/a><br \/>\n<a href=\"http:\/\/media.skjutbanan.com\/2011\/04\/Skytte_utb_6_Skjutstallningar_4.pdf\" target=\"_blank\">Kn\u00e4st\u00e5ende<\/a><br \/>\n<a href=\"http:\/\/media.skjutbanan.com\/2011\/04\/Skytte_utb_7_Skyttetraning_1.pdf\" target=\"_blank\">Tr\u00e4ning<\/a><br \/>\n<a href=\"http:\/\/media.skjutbanan.com\/2011\/04\/Skytte_utb_8_Skyttetraning_2.pdf\" target=\"_blank\">Skjuttr\u00e4ning<\/a><br \/>\n<a href=\"http:\/\/media.skjutbanan.com\/2011\/04\/Skytte_utb_9_Fysisktraning.pdf\" target=\"_blank\">Fysisk tr\u00e4ning<\/a><br \/>\n<a href=\"http:\/\/media.skjutbanan.com\/2011\/04\/Skytte_utb_A_Mentaltraning.pdf\" target=\"_blank\">Mental tr\u00e4ning<\/a><\/p>\n<p>&nbsp;<\/p>\n<p><img decoding=\"async\" loading=\"lazy\" class=\"alignleft wp-image-490 size-full\" title=\"skytte2002_615pixel\" src=\"http:\/\/media.skjutbanan.com\/2011\/04\/skytte2002_615pixel.jpg\" alt=\"Skytte och dator\" width=\"615\" height=\"113\" srcset=\"http:\/\/media.skjutbanan.com\/2011\/04\/skytte2002_615pixel.jpg 615w, http:\/\/media.skjutbanan.com\/2011\/04\/skytte2002_615pixel-300x55.jpg 300w\" sizes=\"(max-width: 615px) 100vw, 615px\" \/><\/p>\n<p>&nbsp;<\/p>\n<p class=\"hide-if-no-js\">\n","protected":false},"excerpt":{"rendered":"<p>Skytteskola. Text\/dokument: H\u00e4mtat fr\u00e5n fd. Skytte UO hemsida H\u00e4r har vi samlat utbildningsmaterial till dig som vill bli skytt och utvecklas vidare till en b\u00e4ttre skytt. H\u00e4r l\u00e4mnar Skytte UO lite tips och id\u00e9er till dig som vill tr\u00e4na p\u00e5 egen hand och f\u00f6rb\u00e4ttra dina f\u00e4rdigheter i skytte. Inneh\u00e5llet i artiklarna \u00e4r h\u00e4mtat fr\u00e5n Skytte [&hellip;]<\/p>\n","protected":false},"author":1,"featured_media":0,"parent":16,"menu_order":0,"comment_status":"open","ping_status":"open","template":"","meta":[],"_links":{"self":[{"href":"http:\/\/skjutbanan.com\/index.php?rest_route=\/wp\/v2\/pages\/28"}],"collection":[{"href":"http:\/\/skjutbanan.com\/index.php?rest_route=\/wp\/v2\/pages"}],"about":[{"href":"http:\/\/skjutbanan.com\/index.php?rest_route=\/wp\/v2\/types\/page"}],"author":[{"embeddable":true,"href":"http:\/\/skjutbanan.com\/index.php?rest_route=\/wp\/v2\/users\/1"}],"replies":[{"embeddable":true,"href":"http:\/\/skjutbanan.com\/index.php?rest_route=%2Fwp%2Fv2%2Fcomments&post=28"}],"version-history":[{"count":16,"href":"http:\/\/skjutbanan.com\/index.php?rest_route=\/wp\/v2\/pages\/28\/revisions"}],"predecessor-version":[{"id":1667,"href":"http:\/\/skjutbanan.com\/index.php?rest_route=\/wp\/v2\/pages\/28\/revisions\/1667"}],"up":[{"embeddable":true,"href":"http:\/\/skjutbanan.com\/index.php?rest_route=\/wp\/v2\/pages\/16"}],"wp:attachment":[{"href":"http:\/\/skjutbanan.com\/index.php?rest_route=%2Fwp%2Fv2%2Fmedia&parent=28"}],"curies":[{"name":"wp","href":"https:\/\/api.w.org\/{rel}","templated":true}]}}