{"id":60,"date":"2011-04-14T22:38:59","date_gmt":"2011-04-14T20:38:59","guid":{"rendered":"http:\/\/skjutbanan.com\/?page_id=60"},"modified":"2011-04-14T22:38:59","modified_gmt":"2011-04-14T20:38:59","slug":"historik-om-stockholm-lans-ungdomsskytteforbund","status":"publish","type":"page","link":"http:\/\/skjutbanan.com\/?page_id=60","title":{"rendered":"Historik om Stockholm l\u00e4ns ungdomsskyttef\u00f6rbund"},"content":{"rendered":"<p><em><a href=\"http:\/\/media.skjutbanan.com\/2011\/04\/abu_vapen.gif\"><img decoding=\"async\" loading=\"lazy\" class=\"size-full wp-image-61 alignright\" title=\"Ungdomsf\u00f6rbundets logga\" src=\"http:\/\/media.skjutbanan.com\/2011\/04\/abu_vapen.gif\" alt=\"\" width=\"76\" height=\"110\" \/><\/a>Lite information om Stockholms l\u00e4ns Ungdomsskyttef\u00f6rbund<\/em><\/p>\n<p><strong>Historik om Stockholm och Stockholm l\u00e4ns ungdomsskyttef\u00f6rbund <\/strong><br \/>\nDe flesta ungdomsskyttef\u00f6rbund bildades i slutet av 1960-talet och Stockholm \u00e4r inget undantag. 1968 bildades Stockholm och Stockholm L\u00e4ns ungdomsskyttef\u00f6rbund.<\/p>\n<p><strong>Varf\u00f6r bildades ett Ungdomsskyttef\u00f6rbund ?<\/strong><br \/>\nF\u00f6r att f\u00f6rst\u00e5 det m\u00e5ste vi g\u00e5 en tid tillbaka i tiden.<br \/>\nSkytter\u00f6relsens historia b\u00f6rjar i b\u00f6rjan av 1800-talet. D\u00e5 bildades sm\u00e5 sammanslutningar d\u00e4r medlemmarna hade skytte som fr\u00e4msta intresse. Men skytte var inte den enda syssels\u00e4ttningen utan man sysslade \u00e4ven med andra aktivitet som t ex viltv\u00e5rd. 1830 bildades Svenska J\u00e4garf\u00f6rbundet och dit ansl\u00f6t sig m\u00e5nga av dessa sm\u00e5 sammanslutningar. En del av de sammanslutningarna som var kvar, b\u00f6rjade ungef\u00e4r vid samma tid att engagera sig i det milit\u00e4ra. Dessa fungerade ungef\u00e4r som dagens hemv\u00e4rn och anledningen till att dessa bildades var att det var krig ute i v\u00e4rlden. De skulle allts\u00e5 f\u00f6rsvara Sverige om det blev krig. M\u00e5nga av de h\u00e4r sammanslutningarna tog namnet &#8221;skarpskyttef\u00f6rening&#8221; och i en del f\u00f6reningsnamn finns ordet skarpskyttef\u00f6rening fortfarande kvar.<\/p>\n<p>1893 b\u00f6rjade man fr\u00e5n centralt h\u00e5ll att dela in Sverige i olika skyttef\u00f6rbund. Det skedde enligt d\u00e5varande l\u00e4nsgr\u00e4nser. Stockholm och Stockholms L\u00e4n var allts\u00e5 vid denna tid tv\u00e5 f\u00f6rbund. L\u00e4nets styrelse hade sitt h\u00f6gs\u00e4te i Stockholm och det var d\u00e4r som alla m\u00f6ten \u00e4gde rum.<\/p>\n<p>Efter denna f\u00f6r\u00e4ndring h\u00e4nde det inte s\u00e5 mycket nytt f\u00f6rr\u00e4n 1968. Det var d\u00e5 som Stockholms L\u00e4ns Ungdomsskyttef\u00f6rbund. Anledningen till att man bildade ett ungdomsskyttef\u00f6rbund var att man ville att ungdomsverksamheten skulle ha en egen verksamhet, en egen styrelse och att man skulle ha en egen t\u00e4vlingsverksamhet<\/p>\n","protected":false},"excerpt":{"rendered":"<p>Lite information om Stockholms l\u00e4ns Ungdomsskyttef\u00f6rbund Historik om Stockholm och Stockholm l\u00e4ns ungdomsskyttef\u00f6rbund De flesta ungdomsskyttef\u00f6rbund bildades i slutet av 1960-talet och Stockholm \u00e4r inget undantag. 1968 bildades Stockholm och Stockholm L\u00e4ns ungdomsskyttef\u00f6rbund. Varf\u00f6r bildades ett Ungdomsskyttef\u00f6rbund ? F\u00f6r att f\u00f6rst\u00e5 det m\u00e5ste vi g\u00e5 en tid tillbaka i tiden. Skytter\u00f6relsens historia b\u00f6rjar i b\u00f6rjan [&hellip;]<\/p>\n","protected":false},"author":1,"featured_media":0,"parent":8,"menu_order":2,"comment_status":"closed","ping_status":"closed","template":"","meta":[],"_links":{"self":[{"href":"http:\/\/skjutbanan.com\/index.php?rest_route=\/wp\/v2\/pages\/60"}],"collection":[{"href":"http:\/\/skjutbanan.com\/index.php?rest_route=\/wp\/v2\/pages"}],"about":[{"href":"http:\/\/skjutbanan.com\/index.php?rest_route=\/wp\/v2\/types\/page"}],"author":[{"embeddable":true,"href":"http:\/\/skjutbanan.com\/index.php?rest_route=\/wp\/v2\/users\/1"}],"replies":[{"embeddable":true,"href":"http:\/\/skjutbanan.com\/index.php?rest_route=%2Fwp%2Fv2%2Fcomments&post=60"}],"version-history":[{"count":2,"href":"http:\/\/skjutbanan.com\/index.php?rest_route=\/wp\/v2\/pages\/60\/revisions"}],"predecessor-version":[{"id":63,"href":"http:\/\/skjutbanan.com\/index.php?rest_route=\/wp\/v2\/pages\/60\/revisions\/63"}],"up":[{"embeddable":true,"href":"http:\/\/skjutbanan.com\/index.php?rest_route=\/wp\/v2\/pages\/8"}],"wp:attachment":[{"href":"http:\/\/skjutbanan.com\/index.php?rest_route=%2Fwp%2Fv2%2Fmedia&parent=60"}],"curies":[{"name":"wp","href":"https:\/\/api.w.org\/{rel}","templated":true}]}}