{"id":639,"date":"2012-12-19T15:08:36","date_gmt":"2012-12-19T13:08:36","guid":{"rendered":"http:\/\/skjutbanan.com\/?page_id=639"},"modified":"2015-10-11T23:38:20","modified_gmt":"2015-10-11T21:38:20","slug":"vara-foreningar-2","status":"publish","type":"page","link":"http:\/\/skjutbanan.com\/?page_id=639","title":{"rendered":"V\u00e5ra f\u00f6reningar"},"content":{"rendered":"<h4>Ungdomsskyttef\u00f6reningar i Stockholms l\u00e4n<\/h4>\n<p><strong>F\u00f6reningarna \u00e4r uppr\u00e4knade utifr\u00e5n kommun.<\/strong><\/p>\n<table border=\"0\" width=\"99%\" cellspacing=\"3\" cellpadding=\"0\">\n<tbody>\n<tr>\n<td valign=\"top\" width=\"99%\">\n<table border=\"0\" width=\"99%\">\n<tbody>\n<tr>\n<td valign=\"top\" bgcolor=\"#ffcc33\">\u00a0<b>Botkyrka kommun<\/b><\/td>\n<\/tr>\n<tr>\n<td valign=\"top\" width=\"99%\">\u00a0<strong><a href=\"http:\/\/www.botkyrkaskf.se\">Botkyrka skf<\/a><\/strong><\/td>\n<\/tr>\n<\/tbody>\n<\/table>\n<\/td>\n<\/tr>\n<tr>\n<td valign=\"top\" width=\"99%\">\u00a0 http:\/\/www1.idrottonline.se\/BotkyrkaSkF-Skyttesport<\/p>\n<table border=\"0\" width=\"99%\">\n<tbody>\n<tr>\n<td valign=\"top\" bgcolor=\"#ffcc33\"><strong>\u00a0Eker\u00f6<\/strong><b> kommun<\/b><\/td>\n<\/tr>\n<tr>\n<td valign=\"top\" width=\"99%\">\u00a0<strong>M\u00e4lar\u00f6arnas ungdomsskyttar<\/strong>,\u00a0\u00a0\u00a0\u00a0 Krister J\u00e4rn;\u00a0\u00a0 email till ;\u00a0 krister@elmannen.nu<\/td>\n<\/tr>\n<\/tbody>\n<\/table>\n<\/td>\n<\/tr>\n<tr>\n<td valign=\"top\" width=\"99%\">\n<table border=\"0\" width=\"99%\">\n<tbody>\n<tr>\n<td valign=\"top\" bgcolor=\"#ffcc33\" width=\"33%\">\u00a0<b>Haninge\u00a0kommun<\/b><\/td>\n<\/tr>\n<tr>\n<td valign=\"top\" width=\"33%\">\u00a0<strong>Orn\u00f6 skf<\/strong>\u00a0\u00a0\u00a0\u00a0\u00a0\u00a0\u00a0 \u00a0\u00a0\u00a0\u00a0\u00a0\u00a0\u00a0\u00a0\u00a0\u00a0\u00a0\u00a0\u00a0\u00a0\u00a0\u00a0\u00a0\u00a0\u00a0 Christer Bernhardsson, Utsikten Brunnsviken, 130 55 Orn\u00f6, tel; 08-501\u00a056642 eller mail till ;\u00a0\u00a0\u00a0\u00a0\u00a0\u00a0\u00a0\u00a0\u00a0\u00a0\u00a0\u00a0\u00a0\u00a0\u00a0\u00a0\u00a0\u00a0\u00a0\u00a0\u00a0\u00a0\u00a0\u00a0\u00a0\u00a0\u00a0\u00a0\u00a0\u00a0\u00a0\u00a0\u00a0\u00a0\u00a0\u00a0\u00a0\u00a0\u00a0\u00a0\u00a0\u00a0\u00a0\u00a0\u00a0\u00a0\u00a0 <b>margareta.bernhardsson@haninge.se<\/b><\/td>\n<\/tr>\n<\/tbody>\n<\/table>\n<\/td>\n<\/tr>\n<tr>\n<td valign=\"top\" width=\"99%\"><strong><a title=\"\u00d6sterhaninge skf\" href=\"http:\/\/www5.idrottonline.se\/OsterhaningeSkF-Skyttesport\/\" target=\"_blank\">\u00d6sterhaninge skf<\/a><\/strong>\u00a0\u00a0\u00a0\u00a0\u00a0\u00a0\u00a0\u00a0\u00a0\u00a0\u00a0\u00a0\u00a0\u00a0\u00a0 http:\/\/www5.idrottonline.se\/OsterhaningeSkF-Skyttesport\/<\/td>\n<\/tr>\n<tr>\n<td valign=\"top\" width=\"99%\">\n<table border=\"0\" width=\"99%\">\n<tbody>\n<tr>\n<td valign=\"top\" bgcolor=\"#ffcc33\" width=\"33%\">\u00a0<b>J\u00e4rf\u00e4lla kommun<\/b><\/td>\n<\/tr>\n<tr>\n<td valign=\"top\" width=\"33%\">\u00a0<strong>J\u00e4rf\u00e4lla skg<\/strong>\u00a0\u00a0\u00a0\u00a0\u00a0\u00a0\u00a0\u00a0\u00a0\u00a0\u00a0\u00a0\u00a0\u00a0\u00a0\u00a0\u00a0\u00a0\u00a0\u00a0\u00a0\u00a0\u00a0\u00a0 <a href=\"http:\/\/www3.idrottonline.se\/JarfallaUSG-Skyttesport\/\">http:\/\/www3.idrottonline.se\/JarfallaUSG-Skyttesport\/<\/a><\/td>\n<\/tr>\n<\/tbody>\n<\/table>\n<\/td>\n<\/tr>\n<tr>\n<td valign=\"top\" width=\"99%\">\n<table border=\"0\" width=\"99%\" cellspacing=\"3\" cellpadding=\"0\">\n<tbody>\n<tr>\n<td valign=\"top\" width=\"33%\">\n<table border=\"0\" width=\"99%\">\n<tbody>\n<tr>\n<td valign=\"top\" bgcolor=\"#ffcc33\" width=\"33%\">\u00a0<b>Liding\u00f6 kommun<\/b><\/td>\n<\/tr>\n<tr>\n<td valign=\"top\" width=\"33%\">\u00a0<strong><a title=\"Liding\u00f6 uskf\" href=\"http:\/\/www6.idrottonline.se\/default.aspx?id=563511\" target=\"_blank\">Liding\u00f6 skf<\/a>\u00a0<\/strong>\u00a0\u00a0\u00a0\u00a0\u00a0\u00a0\u00a0\u00a0\u00a0\u00a0\u00a0\u00a0\u00a0\u00a0\u00a0\u00a0\u00a0\u00a0\u00a0\u00a0\u00a0\u00a0\u00a0 http:\/\/www6.idrottonline.se\/LidingoUSKF-Skyttesport\/<\/td>\n<\/tr>\n<\/tbody>\n<\/table>\n<\/td>\n<\/tr>\n<tr>\n<td valign=\"top\" width=\"33%\"><\/td>\n<\/tr>\n<\/tbody>\n<\/table>\n<\/td>\n<\/tr>\n<tr>\n<td valign=\"top\" width=\"99%\">\n<table border=\"0\" width=\"99%\">\n<tbody>\n<tr>\n<td valign=\"top\" bgcolor=\"#ffcc33\" width=\"33%\">\u00a0<b>Nacka\u00a0kommun<\/b><\/td>\n<\/tr>\n<tr>\n<td valign=\"top\" width=\"33%\"><\/td>\n<\/tr>\n<\/tbody>\n<\/table>\n<\/td>\n<\/tr>\n<tr>\n<td valign=\"top\" width=\"99%\"><strong><a href=\"http:\/\/www.idrottonline.se\/nacka\/booskf-skyttesport\">\u00a0 Boo skf<\/a>\u00a0<\/strong>\u00a0\u00a0\u00a0\u00a0\u00a0\u00a0\u00a0\u00a0\u00a0\u00a0\u00a0\u00a0\u00a0\u00a0\u00a0\u00a0\u00a0\u00a0\u00a0\u00a0\u00a0\u00a0\u00a0\u00a0\u00a0\u00a0\u00a0\u00a0\u00a0 http:\/\/www4.idrottonline.se\/BooSkF-Skyttesport\/<\/td>\n<\/tr>\n<tr>\n<td valign=\"top\" width=\"99%\">\n<table border=\"0\" width=\"99%\">\n<tbody>\n<tr>\n<td valign=\"top\" bgcolor=\"#ffcc33\" width=\"33%\">\u00a0<b>Norrt\u00e4lje\u00a0kommun<\/b><\/td>\n<\/tr>\n<tr>\n<td valign=\"top\" width=\"33%\"><strong>H\u00e4ver\u00f6dals SSkf\u00a0\u00a0\u00a0\u00a0\u00a0\u00a0\u00a0\u00a0\u00a0\u00a0\u00a0\u00a0\u00a0\u00a0\u00a0 http:\/\/www4.idrottonline.se\/HaverodalsSK-Skidskytte\/<\/strong><\/p>\n<p><strong>Blid\u00f6 skf<\/strong><br \/>\n<strong>Fr\u00f6tuna-R\u00e5dmans\u00f6 skf<\/strong>\u00a0\u00a0\u00a0\u00a0\u00a0\u00a0 http:\/\/www4.idrottonline.se\/FrotunaSkF-Skyttesport\/<\/p>\n<p><strong><a href=\"http:\/\/www.laget.se\/NARTUNAGOTTRORASKF\" target=\"_blank\">N\u00e4rtuna-Gottr\u00f6ra<\/a>\u00a0<\/strong>\u00a0\u00a0\u00a0\u00a0\u00a0\u00a0\u00a0\u00a0\u00a0\u00a0\u00a0\u00a0\u00a0 http:\/\/www.laget.se\/NARTUNAGOTTRORASKF<br \/>\n<strong>Riala-Roslagskulla skf\u00a0<\/strong>\u00a0\u00a0\u00a0\u00a0\u00a0 http:\/\/www4.idrottonline.se\/RialaSKF-Skyttesport\/<\/p>\n<p><strong><a href=\"http:\/\/www.rimboskytteforening.se\/\">Rimbo skf<\/a><a href=\"http:\/\/www.rimboskytteforening.se\/\">\u00a0\u00a0\u00a0\u00a0\u00a0\u00a0\u00a0\u00a0\u00a0\u00a0\u00a0\u00a0\u00a0\u00a0\u00a0\u00a0\u00a0\u00a0\u00a0\u00a0\u00a0\u00a0\u00a0\u00a0\u00a0\u00a0 http:\/\/www.rimboskytteforening.se\/ <\/a><\/strong><br \/>\n<strong>Roslagsbro-V\u00e4t\u00f6 skf\u00a0\u00a0<\/strong>\u00a0\u00a0\u00a0\u00a0\u00a0\u00a0\u00a0 http:\/\/www.roslagsbro.se\/foreningar\/roslagsbro-vato-skytteforening<br \/>\n<strong><a href=\"http:\/\/www.unungeskytte.se\/\" target=\"_blank\">Ununge skf<\/a>\u00a0<\/strong>\u00a0\u00a0\u00a0\u00a0\u00a0\u00a0\u00a0\u00a0\u00a0\u00a0\u00a0\u00a0\u00a0\u00a0\u00a0\u00a0\u00a0\u00a0\u00a0\u00a0\u00a0\u00a0\u00a0 http:\/\/www4.idrottonline.se\/UnungeSF-Sportskytte\/<\/td>\n<\/tr>\n<\/tbody>\n<\/table>\n<\/td>\n<\/tr>\n<tr>\n<td valign=\"top\" width=\"99%\">\n<table border=\"0\" width=\"99%\" cellspacing=\"3\" cellpadding=\"0\">\n<tbody>\n<tr>\n<td valign=\"top\" width=\"99%\">\n<table border=\"0\" width=\"99%\">\n<tbody>\n<tr>\n<td valign=\"top\" bgcolor=\"#ffcc33\" width=\"33%\">\u00a0<b>Nyn\u00e4shamn kommun<\/b><\/td>\n<\/tr>\n<tr>\n<td valign=\"top\" width=\"33%\"><\/td>\n<\/tr>\n<\/tbody>\n<\/table>\n<\/td>\n<\/tr>\n<tr>\n<td valign=\"top\" width=\"99%\">&#8212;<\/td>\n<\/tr>\n<tr>\n<td valign=\"top\" width=\"99%\">\n<table border=\"0\" width=\"99%\">\n<tbody>\n<tr>\n<td valign=\"top\" bgcolor=\"#ffcc33\" width=\"33%\">\u00a0<b>Nykvarn kommun<\/b><\/td>\n<\/tr>\n<tr>\n<td valign=\"top\" width=\"33%\">\u00a0<strong>Turinge skf<\/strong>\u00a0\u00a0\u00a0\u00a0\u00a0\u00a0\u00a0\u00a0\u00a0\u00a0\u00a0\u00a0\u00a0\u00a0\u00a0\u00a0\u00a0\u00a0\u00a0\u00a0\u00a0\u00a0\u00a0\u00a0 http:\/\/www4.idrottonline.se\/TuringeUSKF-Skyttesport\/<\/td>\n<\/tr>\n<\/tbody>\n<\/table>\n<\/td>\n<\/tr>\n<tr>\n<td valign=\"top\" width=\"99%\"><\/td>\n<\/tr>\n<tr>\n<td valign=\"top\" width=\"99%\">\n<table border=\"0\" width=\"99%\">\n<tbody>\n<tr>\n<td valign=\"top\" bgcolor=\"#ffcc33\" width=\"33%\"><b>Sigtuna\u00a0kommun<\/b><\/td>\n<\/tr>\n<tr>\n<td valign=\"top\" width=\"33%\">\u00a0<strong>\u00a0Bro-Lossa skf\u00a0<\/strong>\u00a0\u00a0\u00a0\u00a0\u00a0\u00a0\u00a0\u00a0\u00a0\u00a0\u00a0\u00a0\u00a0\u00a0\u00a0\u00a0\u00a0\u00a0\u00a0 http:\/\/www2.idrottonline.se\/Bro-LassaSF-Sportskytte\/<\/td>\n<\/tr>\n<\/tbody>\n<\/table>\n<\/td>\n<\/tr>\n<tr>\n<td valign=\"top\" width=\"99%\"><strong>\u00a0<\/strong><strong><a href=\"http:\/\/www.sportnik.com\/rosskf\">Rosersbergs skf<\/a>\u00a0<\/strong>\u00a0\u00a0\u00a0\u00a0\u00a0\u00a0\u00a0\u00a0\u00a0\u00a0\u00a0\u00a0\u00a0\u00a0\u00a0\u00a0 http:\/\/www.rskfg.se\/<\/td>\n<\/tr>\n<tr>\n<td valign=\"top\">\n<table border=\"0\" width=\"99%\">\n<tbody>\n<tr>\n<td valign=\"top\" bgcolor=\"#ffcc33\" width=\"33%\">\u00a0<b>Stockholms\u00a0kommun<\/b><\/td>\n<\/tr>\n<tr>\n<td valign=\"top\" width=\"33%\"><\/td>\n<\/tr>\n<\/tbody>\n<\/table>\n<\/td>\n<\/tr>\n<tr>\n<td valign=\"top\"><strong><a href=\"http:\/\/www.bromma-solnaskf.se\">\u00a0Bromma-Solna skf<\/a>\u00a0<\/strong>\u00a0\u00a0\u00a0\u00a0\u00a0\u00a0\u00a0\u00a0\u00a0\u00a0\u00a0 http:\/\/www8.idrottonline.se\/Bromma-SolnaSkF-Skyttesport\/<br \/>\n<strong>JVG skf<\/strong><br \/>\n<strong>Skolungdomen i Sthlm<\/strong>\u00a0\u00a0\u00a0\u00a0\u00a0 http:\/\/www.skolungdomensskytte.se\/<\/td>\n<\/tr>\n<tr>\n<td valign=\"top\" width=\"99%\">\n<table border=\"0\" width=\"99%\">\n<tbody>\n<tr>\n<td valign=\"top\" bgcolor=\"#ffcc33\" width=\"33%\">\u00a0<b>Sundbyberg\u00a0kommun<\/b><\/td>\n<\/tr>\n<tr>\n<td valign=\"top\" width=\"33%\"><\/td>\n<\/tr>\n<\/tbody>\n<\/table>\n<\/td>\n<\/tr>\n<tr>\n<td valign=\"top\" width=\"99%\"><strong><a href=\"http:\/\/www.sundbybergsskytte.se\/\">\u00a0Sundbybergs uskf<\/a>\u00a0<\/strong>\u00a0\u00a0\u00a0\u00a0\u00a0\u00a0\u00a0\u00a0\u00a0\u00a0\u00a0\u00a0\u00a0 http:\/\/www.sundbybergsskytte.se\/<\/td>\n<\/tr>\n<tr>\n<td valign=\"top\" width=\"99%\">\n<table border=\"0\" width=\"99%\">\n<tbody>\n<tr>\n<td valign=\"top\" bgcolor=\"#ffcc33\" width=\"33%\">\u00a0<b>S\u00f6dert\u00e4lje\u00a0kommun<\/b><\/td>\n<\/tr>\n<tr>\n<td valign=\"top\" width=\"33%\">\u00a0<strong>\u00a0<\/strong><strong>H\u00f6l\u00f6-M\u00f6rk\u00f6 skg\u00a0 <\/strong> http:\/\/iof3.idrottonline.se\/SvenskaSkyttesportforbundet\/Forening\/Hittadinforening\/?OrgId=21638&amp;OrgTypeId=5&amp;selected=club<\/td>\n<\/tr>\n<\/tbody>\n<\/table>\n<\/td>\n<\/tr>\n<tr>\n<td valign=\"top\" width=\"99%\"><strong>\u00a0\u00a0 J\u00e4rna skf\u00a0<\/strong>\u00a0\u00a0\u00a0\u00a0\u00a0\u00a0\u00a0\u00a0\u00a0\u00a0\u00a0\u00a0\u00a0\u00a0\u00a0\u00a0\u00a0\u00a0\u00a0\u00a0\u00a0\u00a0\u00a0\u00a0\u00a0\u00a0\u00a0 http:\/\/www8.idrottonline.se\/JarnaSkF-Skyttesport\/<\/p>\n<table border=\"0\" width=\"99%\" cellspacing=\"3\" cellpadding=\"0\">\n<tbody>\n<tr>\n<td valign=\"top\">\n<table border=\"0\" width=\"99%\">\n<tbody>\n<tr>\n<td valign=\"top\" bgcolor=\"#ffcc33\" width=\"33%\">\u00a0<b>Tyres\u00f6 kommun<\/b><\/td>\n<\/tr>\n<tr>\n<td valign=\"top\" width=\"33%\"><\/td>\n<\/tr>\n<\/tbody>\n<\/table>\n<\/td>\n<\/tr>\n<tr>\n<td valign=\"top\"><strong><a href=\"http:\/\/www.tyresoskf.se\/\" target=\"_blank\">\u00a0Tyres\u00f6 skf<\/a>\u00a0<\/strong>\u00a0\u00a0\u00a0\u00a0\u00a0\u00a0\u00a0\u00a0\u00a0\u00a0\u00a0\u00a0\u00a0\u00a0\u00a0\u00a0\u00a0\u00a0\u00a0\u00a0\u00a0\u00a0\u00a0\u00a0 http:\/\/www.tyresoskf.se\/<\/td>\n<\/tr>\n<tr>\n<td valign=\"top\">\n<table border=\"0\" width=\"99%\">\n<tbody>\n<tr>\n<td valign=\"top\" bgcolor=\"#ffcc33\" width=\"33%\">\u00a0<b>T\u00e4by kommun<\/b><\/td>\n<\/tr>\n<tr>\n<td valign=\"top\" width=\"33%\"><\/td>\n<\/tr>\n<\/tbody>\n<\/table>\n<\/td>\n<\/tr>\n<tr>\n<td valign=\"top\"><a href=\"http:\/\/www.tabyskf.se\/\" target=\"_blank\"><strong>\u00a0T\u00e4by Viggbyholm skf<\/strong> <\/a>\u00a0\u00a0\u00a0\u00a0\u00a0\u00a0 http:\/\/tabyskf.se\/<\/td>\n<\/tr>\n<tr>\n<td valign=\"top\">\n<table border=\"0\" width=\"99%\">\n<tbody>\n<tr>\n<td valign=\"top\" bgcolor=\"#ffcc33\" width=\"33%\">\u00a0<b>Upplands-V\u00e4sby kommun<\/b><\/td>\n<\/tr>\n<tr>\n<td valign=\"top\" width=\"33%\">\u00a0<strong><span style=\"text-decoration: underline;\">V\u00e4sby skf<\/span>\u00a0<\/strong><\/td>\n<\/tr>\n<\/tbody>\n<\/table>\n<\/td>\n<\/tr>\n<tr>\n<td valign=\"top\">\u00a0 http:\/\/iof3.idrottonline.se\/SvenskaSkyttesportforbundet\/Forening\/Hittadinforening\/?OrgId=22473&amp;OrgTypeId=5&amp;selected=club<\/td>\n<\/tr>\n<tr>\n<td valign=\"top\">\n<table border=\"0\" width=\"99%\">\n<tbody>\n<tr>\n<td valign=\"top\" bgcolor=\"#ffcc33\" width=\"33%\">\u00a0<b>Uppsala kommun <\/b><\/td>\n<\/tr>\n<tr>\n<td valign=\"top\" width=\"33%\"><\/td>\n<\/tr>\n<\/tbody>\n<\/table>\n<\/td>\n<\/tr>\n<tr>\n<td valign=\"top\"><strong><a href=\"http:\/\/www.mamut.com\/homepages\/Sweden\/2\/15\/almungelannaskf\/\" target=\"_blank\">\u00a0Almunge-Lenna skf<\/a>\u00a0\u00a0<\/strong>\u00a0\u00a0\u00a0\u00a0\u00a0\u00a0\u00a0\u00a0 http:\/\/www.mamut.net\/almungelannaskf\/<\/td>\n<\/tr>\n<tr>\n<td valign=\"top\">\n<table border=\"0\" width=\"99%\">\n<tbody>\n<tr>\n<td valign=\"top\" bgcolor=\"#ffcc33\" width=\"33%\">\u00a0<b>Vallentuna kommun<\/b><\/td>\n<\/tr>\n<tr>\n<td valign=\"top\" width=\"33%\"><\/td>\n<\/tr>\n<\/tbody>\n<\/table>\n<\/td>\n<\/tr>\n<tr>\n<td valign=\"top\"><strong><a title=\"Fr\u00f6sunda skf\" href=\"http:\/\/www2.idrottonline.se\/FrosundaSkF-Skyttesport\/\" target=\"_blank\">\u00a0Fr\u00f6sunda skf<\/a>\u00a0<\/strong>\u00a0\u00a0\u00a0\u00a0\u00a0\u00a0\u00a0\u00a0\u00a0\u00a0\u00a0\u00a0\u00a0\u00a0\u00a0\u00a0\u00a0\u00a0\u00a0\u00a0\u00a0 http:\/\/www2.idrottonline.se\/FrosundaSkF-Skyttesport\/<br \/>\n<strong><a href=\"http:\/\/osseby-skytte.se\" target=\"_blank\">\u00d6sseby-Garns skf<\/a><\/strong>\u00a0\u00a0\u00a0\u00a0\u00a0\u00a0\u00a0\u00a0\u00a0\u00a0\u00a0\u00a0\u00a0\u00a0 http:\/\/osseby-skytte.se\/<\/td>\n<\/tr>\n<tr>\n<td valign=\"top\">\n<table border=\"0\" width=\"99%\">\n<tbody>\n<tr>\n<td valign=\"top\" bgcolor=\"#ffcc33\" width=\"33%\">\u00a0<b>V\u00e4rmd\u00f6 kommun<\/b><\/td>\n<\/tr>\n<tr>\n<td valign=\"top\" width=\"33%\"><\/td>\n<\/tr>\n<\/tbody>\n<\/table>\n<\/td>\n<\/tr>\n<tr>\n<td valign=\"top\"><strong><a href=\"http:\/\/www.djuroskytte.se\/\" target=\"_blank\">\u00a0Djur\u00f6 Hemv\u00e4rns skf:<\/a>\u00a0<\/strong>\u00a0\u00a0\u00a0\u00a0\u00a0\u00a0\u00a0 http:\/\/www7.idrottonline.se\/DjuroSSF-Skyttesport\/<\/td>\n<\/tr>\n<tr>\n<td valign=\"top\">\n<table border=\"0\" width=\"99%\">\n<tbody>\n<tr>\n<td valign=\"top\" bgcolor=\"#ffcc33\" width=\"33%\">\u00a0<b>\u00c5kersberga kommun<\/b><\/td>\n<\/tr>\n<\/tbody>\n<\/table>\n<\/td>\n<\/tr>\n<tr>\n<td valign=\"top\"><strong>\u00a0\u00c5kersberga uskf\u00a0<\/strong>\u00a0\u00a0\u00a0\u00a0\u00a0\u00a0\u00a0\u00a0\u00a0\u00a0\u00a0\u00a0\u00a0\u00a0\u00a0 Bj\u00f6rn Albinsson,\u00a0 mail till;\u00a0\u00a0 <strong>b.albinsson@hotmail.com<\/strong><\/td>\n<\/tr>\n<\/tbody>\n<\/table>\n<\/td>\n<\/tr>\n<\/tbody>\n<\/table>\n<\/td>\n<\/tr>\n<tr>\n<td valign=\"top\" width=\"99%\"><\/td>\n<\/tr>\n<\/tbody>\n<\/table>\n<p>&nbsp;<\/p>\n<table border=\"0\" width=\"99%\">\n<tbody>\n<tr>\n<td valign=\"top\" bgcolor=\"#ffcc33\" width=\"33%\"><\/td>\n<td valign=\"top\" bgcolor=\"#ffcc33\" width=\"33%\"><\/td>\n<td valign=\"top\" bgcolor=\"#ffcc33\"><\/td>\n<\/tr>\n<tr>\n<td valign=\"top\" width=\"33%\"><\/td>\n<td valign=\"top\" width=\"33%\"><\/td>\n<td valign=\"top\"><\/td>\n<\/tr>\n<tr>\n<td valign=\"top\" bgcolor=\"#ffcc33\" width=\"33%\"><\/td>\n<td valign=\"top\" bgcolor=\"#ffcc33\" width=\"33%\"><\/td>\n<td valign=\"top\" bgcolor=\"#ffcc33\"><\/td>\n<\/tr>\n<tr>\n<td valign=\"top\" width=\"33%\"><\/td>\n<td valign=\"top\" width=\"33%\"><\/td>\n<td valign=\"top\"><\/td>\n<\/tr>\n<tr>\n<td valign=\"top\" bgcolor=\"#ffcc33\" width=\"33%\"><\/td>\n<td valign=\"top\" bgcolor=\"#ffcc33\" width=\"33%\"><\/td>\n<td valign=\"top\" bgcolor=\"#ffcc33\"><\/td>\n<\/tr>\n<tr>\n<td valign=\"top\" width=\"33%\"><\/td>\n<td valign=\"top\" width=\"33%\"><\/td>\n<td valign=\"top\"><\/td>\n<\/tr>\n<tr>\n<td valign=\"top\" bgcolor=\"#ffcc33\" width=\"33%\"><\/td>\n<td valign=\"top\" bgcolor=\"#ffcc33\" width=\"33%\"><\/td>\n<td valign=\"top\" bgcolor=\"#ffcc33\"><\/td>\n<\/tr>\n<tr>\n<td valign=\"top\" width=\"33%\"><\/td>\n<td valign=\"top\"><\/td>\n<td valign=\"top\"><\/td>\n<\/tr>\n<tr>\n<td valign=\"top\" bgcolor=\"#ffcc33\" width=\"33%\"><\/td>\n<td valign=\"top\" bgcolor=\"#ffcc33\"><\/td>\n<td valign=\"top\" bgcolor=\"#ffcc33\"><\/td>\n<\/tr>\n<tr>\n<td valign=\"top\" width=\"33%\"><\/td>\n<td valign=\"top\"><\/td>\n<td valign=\"top\"><\/td>\n<\/tr>\n<tr>\n<td valign=\"top\" bgcolor=\"#ffcc33\" width=\"33%\"><\/td>\n<td valign=\"top\" bgcolor=\"#ffcc33\" width=\"33%\"><\/td>\n<td valign=\"top\" bgcolor=\"#ffcc33\"><\/td>\n<\/tr>\n<tr>\n<td rowspan=\"3\" valign=\"top\" width=\"33%\"><\/td>\n<td valign=\"top\" width=\"33%\"><\/td>\n<td valign=\"top\"><\/td>\n<\/tr>\n<tr>\n<td valign=\"top\" bgcolor=\"#ffcc33\" width=\"33%\"><\/td>\n<td valign=\"top\" bgcolor=\"#ffcc33\"><\/td>\n<\/tr>\n<tr>\n<td valign=\"top\" width=\"33%\"><\/td>\n<td valign=\"top\"><\/td>\n<\/tr>\n<\/tbody>\n<\/table>\n<p>&nbsp;<\/p>\n","protected":false},"excerpt":{"rendered":"<p>Ungdomsskyttef\u00f6reningar i Stockholms l\u00e4n F\u00f6reningarna \u00e4r uppr\u00e4knade utifr\u00e5n kommun. \u00a0Botkyrka kommun \u00a0Botkyrka skf \u00a0 http:\/\/www1.idrottonline.se\/BotkyrkaSkF-Skyttesport \u00a0Eker\u00f6 kommun \u00a0M\u00e4lar\u00f6arnas ungdomsskyttar,\u00a0\u00a0\u00a0\u00a0 Krister J\u00e4rn;\u00a0\u00a0 email till ;\u00a0 krister@elmannen.nu \u00a0Haninge\u00a0kommun \u00a0Orn\u00f6 skf\u00a0\u00a0\u00a0\u00a0\u00a0\u00a0\u00a0 \u00a0\u00a0\u00a0\u00a0\u00a0\u00a0\u00a0\u00a0\u00a0\u00a0\u00a0\u00a0\u00a0\u00a0\u00a0\u00a0\u00a0\u00a0\u00a0 Christer Bernhardsson, Utsikten Brunnsviken, 130 55 Orn\u00f6, tel; 08-501\u00a056642 eller mail till ;\u00a0\u00a0\u00a0\u00a0\u00a0\u00a0\u00a0\u00a0\u00a0\u00a0\u00a0\u00a0\u00a0\u00a0\u00a0\u00a0\u00a0\u00a0\u00a0\u00a0\u00a0\u00a0\u00a0\u00a0\u00a0\u00a0\u00a0\u00a0\u00a0\u00a0\u00a0\u00a0\u00a0\u00a0\u00a0\u00a0\u00a0\u00a0\u00a0\u00a0\u00a0\u00a0\u00a0\u00a0\u00a0\u00a0\u00a0 margareta.bernhardsson@haninge.se \u00d6sterhaninge skf\u00a0\u00a0\u00a0\u00a0\u00a0\u00a0\u00a0\u00a0\u00a0\u00a0\u00a0\u00a0\u00a0\u00a0\u00a0 http:\/\/www5.idrottonline.se\/OsterhaningeSkF-Skyttesport\/ \u00a0J\u00e4rf\u00e4lla kommun \u00a0J\u00e4rf\u00e4lla skg\u00a0\u00a0\u00a0\u00a0\u00a0\u00a0\u00a0\u00a0\u00a0\u00a0\u00a0\u00a0\u00a0\u00a0\u00a0\u00a0\u00a0\u00a0\u00a0\u00a0\u00a0\u00a0\u00a0\u00a0 http:\/\/www3.idrottonline.se\/JarfallaUSG-Skyttesport\/ \u00a0Liding\u00f6 kommun \u00a0Liding\u00f6 skf\u00a0\u00a0\u00a0\u00a0\u00a0\u00a0\u00a0\u00a0\u00a0\u00a0\u00a0\u00a0\u00a0\u00a0\u00a0\u00a0\u00a0\u00a0\u00a0\u00a0\u00a0\u00a0\u00a0\u00a0 [&hellip;]<\/p>\n","protected":false},"author":1,"featured_media":0,"parent":0,"menu_order":0,"comment_status":"closed","ping_status":"closed","template":"","meta":[],"_links":{"self":[{"href":"http:\/\/skjutbanan.com\/index.php?rest_route=\/wp\/v2\/pages\/639"}],"collection":[{"href":"http:\/\/skjutbanan.com\/index.php?rest_route=\/wp\/v2\/pages"}],"about":[{"href":"http:\/\/skjutbanan.com\/index.php?rest_route=\/wp\/v2\/types\/page"}],"author":[{"embeddable":true,"href":"http:\/\/skjutbanan.com\/index.php?rest_route=\/wp\/v2\/users\/1"}],"replies":[{"embeddable":true,"href":"http:\/\/skjutbanan.com\/index.php?rest_route=%2Fwp%2Fv2%2Fcomments&post=639"}],"version-history":[{"count":66,"href":"http:\/\/skjutbanan.com\/index.php?rest_route=\/wp\/v2\/pages\/639\/revisions"}],"predecessor-version":[{"id":1466,"href":"http:\/\/skjutbanan.com\/index.php?rest_route=\/wp\/v2\/pages\/639\/revisions\/1466"}],"wp:attachment":[{"href":"http:\/\/skjutbanan.com\/index.php?rest_route=%2Fwp%2Fv2%2Fmedia&parent=639"}],"curies":[{"name":"wp","href":"https:\/\/api.w.org\/{rel}","templated":true}]}}