{"id":1671,"date":"2017-10-21T19:29:56","date_gmt":"2017-10-21T17:29:56","guid":{"rendered":"http:\/\/skjutbanan.com\/?page_id=1671"},"modified":"2017-12-11T13:56:15","modified_gmt":"2017-12-11T11:56:15","slug":"skytteskolans-traningshafte-2016-17","status":"publish","type":"page","link":"https:\/\/skjutbanan.com\/?page_id=1671","title":{"rendered":"Skytteskolans Tr\u00e4ningsh\u00e4fte 2016\/17"},"content":{"rendered":"<p><strong><a href=\"http:\/\/media.skjutbanan.com\/2011\/06\/ABu-f\u00e4rglogga5.jpg\"><img decoding=\"async\" loading=\"lazy\" class=\"alignright size-full wp-image-231\" src=\"http:\/\/media.skjutbanan.com\/2011\/06\/ABu-f\u00e4rglogga5.jpg\" alt=\"ABu f\u00e4rglogga\" width=\"81\" height=\"113\" \/><\/a>F\u00e5r vi lov att presentera v\u00e5rt senaste h\u00e4fte f\u00f6r dig som vill tr\u00e4na sj\u00e4lv eller l\u00e4ra andra skyttets olika steg och tr\u00e4ningstips.<\/strong><\/p>\n<p><strong>H\u00e4r kan du ladda ner v\u00e5rt <a href=\"http:\/\/media.skjutbanan.com\/2011\/04\/tr\u00e4ningsh\u00e4fte-2016-nov-9MB-1.pdf\">&#8221;tr\u00e4ningsh\u00e4fte 2016 nov&#8221;<\/a>\u00a0(9 MB)<\/strong><\/p>\n<p class=\"hide-if-no-js\"><a id=\"set-post-thumbnail\" class=\"thickbox\" href=\"http:\/\/skjutbanan.com\/wp-admin\/media-upload.php?post_id=1671&amp;type=image&amp;TB_iframe=1\"><img decoding=\"async\" loading=\"lazy\" class=\"attachment-266x266 \" src=\"http:\/\/media.skjutbanan.com\/2015\/05\/20150516_a.jpg\" sizes=\"(max-width: 266px) 100vw, 266px\" srcset=\"http:\/\/media.skjutbanan.com\/2015\/05\/20150516_a.jpg 650w, http:\/\/media.skjutbanan.com\/2015\/05\/20150516_a-300x143.jpg 300w\" alt=\"20150516_a\" width=\"327\" height=\"156\" \/><\/a><\/p>\n","protected":false},"excerpt":{"rendered":"<p>F\u00e5r vi lov att presentera v\u00e5rt senaste h\u00e4fte f\u00f6r dig som vill tr\u00e4na sj\u00e4lv eller l\u00e4ra andra skyttets olika steg och tr\u00e4ningstips. H\u00e4r kan du ladda ner v\u00e5rt &#8221;tr\u00e4ningsh\u00e4fte 2016 nov&#8221;\u00a0(9 MB)<\/p>\n","protected":false},"author":1,"featured_media":0,"parent":16,"menu_order":2,"comment_status":"closed","ping_status":"closed","template":"","meta":[],"_links":{"self":[{"href":"https:\/\/skjutbanan.com\/index.php?rest_route=\/wp\/v2\/pages\/1671"}],"collection":[{"href":"https:\/\/skjutbanan.com\/index.php?rest_route=\/wp\/v2\/pages"}],"about":[{"href":"https:\/\/skjutbanan.com\/index.php?rest_route=\/wp\/v2\/types\/page"}],"author":[{"embeddable":true,"href":"https:\/\/skjutbanan.com\/index.php?rest_route=\/wp\/v2\/users\/1"}],"replies":[{"embeddable":true,"href":"https:\/\/skjutbanan.com\/index.php?rest_route=%2Fwp%2Fv2%2Fcomments&post=1671"}],"version-history":[{"count":8,"href":"https:\/\/skjutbanan.com\/index.php?rest_route=\/wp\/v2\/pages\/1671\/revisions"}],"predecessor-version":[{"id":1790,"href":"https:\/\/skjutbanan.com\/index.php?rest_route=\/wp\/v2\/pages\/1671\/revisions\/1790"}],"up":[{"embeddable":true,"href":"https:\/\/skjutbanan.com\/index.php?rest_route=\/wp\/v2\/pages\/16"}],"wp:attachment":[{"href":"https:\/\/skjutbanan.com\/index.php?rest_route=%2Fwp%2Fv2%2Fmedia&parent=1671"}],"curies":[{"name":"wp","href":"https:\/\/api.w.org\/{rel}","templated":true}]}}